{"id":851,"date":"2024-08-04T17:03:04","date_gmt":"2024-08-04T17:03:04","guid":{"rendered":"https:\/\/www.psmassuntacastellarano.it\/wp-2025\/\/?page_id=851"},"modified":"2025-02-22T11:03:16","modified_gmt":"2025-02-22T11:03:16","slug":"giovani","status":"publish","type":"page","link":"https:\/\/www.psmassuntacastellarano.it\/wp-2025\/giovani\/","title":{"rendered":"Pastorale Giovanile"},"content":{"rendered":"<p><\/p><p><\/p><p><\/p><p><\/p><p style=\"font-size:18px\">La pastorale giovanile parte dai piu&#8217; giovani per costruire attivit\u00e0 e iniziative per tutta la comunit\u00e0, tenendo come riferimento la crescita nel solco della fede cristiana e la formazione di ragazzi consapevoli di questi valori.<\/p><p> <\/p><p><\/p><p style=\"font-size:18px\">Oltre alle Attivit\u00e0 Di <\/p><ul class=\"wp-block-list\"><li style=\"font-size:18px\">Catechismo<\/li>\n\n<li style=\"font-size:18px\">Campeggi<\/li>\n\n<li style=\"font-size:18px\">Post-Cresima<\/li>\n\n<li style=\"font-size:18px\">Grest<\/li><\/ul><p style=\"font-size:18px\">I giovani sono presenti in diverse altre attivit\u00e0:<\/p><ul class=\"wp-block-list\"><li style=\"font-size:18px\">Attivit\u00e0 di volontariato presso l\u2019Oratorio di Castellarano: servizio e organizzazione attivit\u00e0.<\/li>\n\n<li style=\"font-size:18px\">Preparazione Giubilei a Roma nel 2025 per adolescenti e giovani.<\/li>\n\n<li style=\"font-size:18px\">Formazione continua per tutti, educatori e coordinatori.<\/li>\n\n<li style=\"font-size:18px\">\u2026<\/li><\/ul><p style=\"font-size:18px\">Vuoi unirti a\u00ec Noi ?<\/p><p><\/p><p><\/p>","protected":false},"excerpt":{"rendered":"<p>La pastorale giovanile parte dai piu&#8217; giovani per costruire attivit\u00e0 e iniziative per tutta la comunit\u00e0, tenendo come riferimento la crescita nel solco della fede cristiana e la formazione di ragazzi consapevoli di questi valori. Oltre alle Attivit\u00e0 Di I giovani sono presenti in diverse altre attivit\u00e0: Vuoi unirti a\u00ec Noi ?<\/p>\n","protected":false},"author":1,"featured_media":0,"parent":0,"menu_order":0,"comment_status":"closed","ping_status":"closed","template":"template-home-second.php","meta":{"_monsterinsights_skip_tracking":false,"_monsterinsights_sitenote_active":false,"_monsterinsights_sitenote_note":"","_monsterinsights_sitenote_category":0,"footnotes":""},"class_list":["post-851","page","type-page","status-publish","hentry"],"aioseo_notices":[],"_links":{"self":[{"href":"https:\/\/www.psmassuntacastellarano.it\/wp-2025\/wp-json\/wp\/v2\/pages\/851","targetHints":{"allow":["GET"]}}],"collection":[{"href":"https:\/\/www.psmassuntacastellarano.it\/wp-2025\/wp-json\/wp\/v2\/pages"}],"about":[{"href":"https:\/\/www.psmassuntacastellarano.it\/wp-2025\/wp-json\/wp\/v2\/types\/page"}],"author":[{"embeddable":true,"href":"https:\/\/www.psmassuntacastellarano.it\/wp-2025\/wp-json\/wp\/v2\/users\/1"}],"replies":[{"embeddable":true,"href":"https:\/\/www.psmassuntacastellarano.it\/wp-2025\/wp-json\/wp\/v2\/comments?post=851"}],"version-history":[{"count":11,"href":"https:\/\/www.psmassuntacastellarano.it\/wp-2025\/wp-json\/wp\/v2\/pages\/851\/revisions"}],"predecessor-version":[{"id":2391,"href":"https:\/\/www.psmassuntacastellarano.it\/wp-2025\/wp-json\/wp\/v2\/pages\/851\/revisions\/2391"}],"wp:attachment":[{"href":"https:\/\/www.psmassuntacastellarano.it\/wp-2025\/wp-json\/wp\/v2\/media?parent=851"}],"curies":[{"name":"wp","href":"https:\/\/api.w.org\/{rel}","templated":true}]}}