{"id":789,"date":"2024-09-04T11:05:10","date_gmt":"2024-09-04T11:05:10","guid":{"rendered":"https:\/\/www.psmassuntacastellarano.it\/wp-2025\/\/?page_id=789"},"modified":"2025-10-05T08:00:56","modified_gmt":"2025-10-05T08:00:56","slug":"battesimo","status":"publish","type":"page","link":"https:\/\/www.psmassuntacastellarano.it\/wp-2025\/battesimo\/","title":{"rendered":"Battesimo"},"content":{"rendered":"<h2 class=\"wp-block-heading has-text-align-center\"><strong>SACRAMENTO S. BATTESIMO<\/strong><\/h2><p class=\"has-text-align-center\" style=\"font-size:22px\">Indicazioni e note pastorali<\/p><h2 class=\"wp-block-heading\">Confessione<\/h2><p style=\"font-size:18px\">I genitori e i padrini che desiderano prepararsi alla celebrazione del S. Battesimo del figlio\/a, facciano una \u2018buona\u2019 <strong>confessione<\/strong>\u2019:<br>MERCOLEDI\u2019: ore 9.00\/10.30 CENTRO CARITAS ROTEGLIA Via Radici in Monte 59 (vicino alla Chiesa)<br>GIOVEDI\u2019: ore 9.00\/11.00 CENTRO CARITAS CASTELLARANO Via Chiaviche 1<br>VENERDI\u2019: ore 15.00\/16.00 SANTUARIO B.V. CAMPIANO<br>VENERDI\u2019: ore 15.30\/16.30 CASA DELLA CARITA\u2019<br>DOMENICA: ore 09.00\/10,00 CHIESA PARROCCHIALE CASTELLARANO &#8211; CAMPIANO<br>Oppure contattare don Bogdan Rostkowski cell. 347 44 80 833 o don Vittorio Trevisi al cell. 339 28 44 707 per altri giorni e orari<br>I genitori e i padrini si attengano agli orari fissati. I ritardi possono intralciare altre celebrazioni, gli impegni dei preti e di coloro che curano le chiese. In caso di notevole ritardo, specie in concorrenza con altre celebrazioni, ci si adeguer\u00e0 alla circostanza.<\/p><h2 class=\"wp-block-heading\">Fotografie<\/h2><p style=\"font-size:18px\">I genitori riducano al massimo il numero dei fotografi e cineoperatori. Le apparecchiature vengano installate in modo da non intralciare lo svolgimento del rito e non vengano spostate quando il rito \u00e8 gi\u00e0 iniziato. Gli operatori si astengano dall&#8217;effettuare riprese nei momenti che richiedono particolare attenzione e raccoglimento: Proclamazione della Parola di Dio, Omelia, Preghiera dei fedeli \u2026 In questi momenti gli stessi operatori, se sono credenti, si uniscano all&#8217;Assemblea. Se non lo sono, abbiano il massimo rispetto per la Fede e la devozione dei credenti.<\/p><h2 class=\"wp-block-heading\">Offerta<\/h2><p style=\"font-size:18px\">Un cristiano credente, con gioia, in piena libert\u00e0, spontaneamente, aiuta e collabora con la Chiesa di cui fa parte, perch\u00e8 possa compiere la missione che il Signore le ha affidato. L\u2019offerta in occasione della celerazione dei sacramenti \u00e8 un modo per ringraziare il Signore per i suoi doni: Battesimo, Cresima, Matrimonio, Eucarestia \u2026 Quanto un credente offre alla Comunit\u00e0 \u00e8 destinato ad aiutare i poveri, a diffondere il Vangelo, a provvedere alle necessit\u00e0 della Chiesa. L\u2019apostolo Paolo dice: \u201cCiascuno dia secondo quanto ha deciso nel suo cuore, non con tristezza n\u00e9 per forza, perch\u00e9 Dio ama chi dona con gioia.\u201d [2\u00aa Cor 9, 7].<\/p><h2 class=\"wp-block-heading\">PER I GENITORI, I PADRINI E LE MADRINE<\/h2><p style=\"font-size:18px\"><strong>Il ruolo dei genitori<\/strong><br>La vita dei figli \u00e8 affidata ai genitori, con l\u2019aiuto del Signore, l\u2019hanno generata e con tanta tenerezza e premura la custodiscono. I genitori sono i custodi e sopratutto le guide dei loro figli.<br>Nella crescita integrale della persona e del credente in Ges\u00f9 Cristo, il ruolo della famiglia \u00e8 insostituibile, nel matrimonio i genitori ricevono i doni per educare i figli alla fede in Ges\u00f9 Cristo e alla vita cristiana in comunit\u00e0.<br>Abbiamo presente situazioni di difficolt\u00e0 di molte famiglie, le quali, spesso, pur mantenendo un qualche legame con la fede in Ges\u00f9 Cristo e la Chiesa, non riescono ad adempiere al compito di trasmettere un pensiero e uno stile di vita illuminati dalle parole e dalla vita di Ges\u00f9, hanno difficolt\u00e0 ad inserire i figli nella Comunit\u00e0 cristiana.<br>Tanti genitori e adulti nella loro vita non danno molto spazio e tempo alla cura della propria fede cristiana: continuano a chiedere i sacramenti della fede per i figli, ma senza tanta fede nei<br>sacramenti. Chiedono ai loro piccoli di pregare e di andare alla S. Messa, ma di loro, in chiesa, neppure l\u2019ombra. Favoriscono l\u2019ora di religione ma hanno ridotto la religione a una semplice questione di un\u2019ora. E soprattutto i piccoli non vedono spesso i loro genitori o gli adulti di riferimento pregare o leggere il Vangelo. Da molte indagini fatte attraverso interviste effettuate con i giovani non appare traccia di una preghiera fatta in famiglia.<br>I figli potranno arrivare ad una buona e bella vita di fede solo con l\u2019aiuto dei genitori. Il per-corso di educazione alla fede in Ges\u00f9 Cristo e alla vita cristiana in Comunit\u00e0, vissuto dai figli, pu\u00f2 diventare anche per i genitori l\u2019occasione di un nuovo incontro con Ges\u00f9, il Vangelo e la Comunit\u00e0 cristiana.<\/p><h2 class=\"wp-block-heading\">Padrini e madrine, accompagnatori della fede<\/h2><p class=\"has-text-align-left\" style=\"font-size:18px\"><strong>I padrini e le madrine<\/strong> vengono scelti dai genitori come loro collaboratori. Grande cura andr\u00e0, quindi, riservata a quanti, all\u2019interno dell\u2019ambiente familiare o comunitario, vengono scelti per assumere tale ruolo.<br>La scelta del padrino e della madrina va fatta \u2018curando che sia persona di fede, rappresentativa della comunit\u00e0, approvata dal parroco, capace di accompagnare il candidato nel cammino verso i sacramenti e di seguirlo nel resto della vita con il sostegno e l\u2019esempio\u2019. I padrini e le madrine possono essere scelti tra gli operatori pastorali o altre figure significative dei gruppi familiari che operano nella comunit\u00e0 cristiana e conoscono i ragazzi. \u00c8 possibile affiancare \u2013 solo come testimoni del rito sacramentale \u2013 quelle persone indicate dalla famiglia che, pur non avendo i requisiti prescritti, esprimono pur sempre una positiva vicinanza parentale, affettiva ed educativa.<br>\u2014\u2014\u2014\u2014\u2014\u2014\u2014\u2014\u2014\u2014\u2014\u2014\u2014\u2014\u2014\u2014\u2014\u2014\u2014\u2014\u2014<\/p><ol class=\"wp-block-list\"><li>Compito del padrino o della madrina \u00e8 cooperare con i genitori affinch\u00e9 il battezzato\/a o il cresimato\/a conduca una vita cristiana conforme al S. Battesimo o alla S. Cresima e adempia fedelmente gli obblighi ad esso inerenti. [Can 872].<\/li>\n\n<li>Per poter essere padrino o madrina \u00e8 necessario: &#8211; aver compiuto i sedici anni; &#8211; essere cattolico; &#8211; aver ricevuto il sacramento del S. Battesimo, della S. Cresima e dell&#8217;Eucarestia e condurre una vita conforme alla fede e all&#8217;incarico che assume; &#8211; non essere colpito da alcuna pena ecclesiastica;<\/li><\/ol><ul class=\"wp-block-list\"><li>non essere il padre e la madre, il nonno o la nonna del battezzato. [Can 874].<\/li><\/ul><ol class=\"wp-block-list\"><li>Non pu\u00f2 essere padrino o madrina chi vive in situazione matrimoniale irregolare [divorziato risposato, convivente, sposato solo civilmente<\/li><\/ol>","protected":false},"excerpt":{"rendered":"<p>SACRAMENTO S. BATTESIMO Indicazioni e note pastorali Confessione I genitori e i padrini che desiderano prepararsi alla celebrazione del S. Battesimo del figlio\/a, facciano una \u2018buona\u2019 confessione\u2019:MERCOLEDI\u2019: ore 9.00\/10.30 CENTRO CARITAS ROTEGLIA Via Radici in Monte 59 (vicino alla Chiesa)GIOVEDI\u2019: ore 9.00\/11.00 CENTRO CARITAS CASTELLARANO Via Chiaviche 1VENERDI\u2019: ore 15.00\/16.00 SANTUARIO B.V. CAMPIANOVENERDI\u2019: ore 15.30\/16.30 CASA DELLA CARITA\u2019DOMENICA: ore 09.00\/10,00 CHIESA PARROCCHIALE CASTELLARANO &#8211; CAMPIANOOppure contattare don Bogdan Rostkowski cell. 347 44 80 833 o don Vittorio Trevisi al cell. 339 28 44 707 per altri giorni e orariI genitori e i padrini si attengano agli orari fissati. I ritardi possono intralciare altre celebrazioni, gli impegni dei preti e di coloro che curano le chiese. In caso di notevole ritardo, specie in concorrenza con altre celebrazioni, ci si adeguer\u00e0 alla circostanza. Fotografie I genitori riducano al massimo il numero dei fotografi e cineoperatori. Le apparecchiature vengano installate in modo da non intralciare lo svolgimento del rito e non vengano spostate quando il rito \u00e8 gi\u00e0 iniziato. Gli operatori si astengano dall&#8217;effettuare riprese nei momenti che richiedono particolare attenzione e raccoglimento: Proclamazione della Parola di Dio, Omelia, Preghiera dei fedeli \u2026 In questi momenti gli stessi operatori, se sono credenti, si uniscano all&#8217;Assemblea. Se non lo sono, abbiano il massimo rispetto per la Fede e la devozione dei credenti. Offerta Un cristiano credente, con gioia, in piena libert\u00e0, spontaneamente, aiuta e collabora con la Chiesa di cui fa parte, perch\u00e8 possa compiere la missione che il Signore le ha affidato. L\u2019offerta in occasione della celerazione dei sacramenti \u00e8 un modo per ringraziare il Signore per i suoi doni: Battesimo, Cresima, Matrimonio, Eucarestia \u2026 Quanto un credente offre alla Comunit\u00e0 \u00e8 destinato ad aiutare i poveri, a diffondere il Vangelo, a provvedere alle necessit\u00e0 della Chiesa. L\u2019apostolo Paolo dice: \u201cCiascuno dia secondo quanto ha deciso nel suo cuore, non con tristezza n\u00e9 per forza, perch\u00e9 Dio ama chi dona con gioia.\u201d [2\u00aa Cor 9, 7]. PER I GENITORI, I PADRINI E LE MADRINE Il ruolo dei genitoriLa vita dei figli \u00e8 affidata ai genitori, con l\u2019aiuto del Signore, l\u2019hanno generata e con tanta tenerezza e premura la custodiscono. I genitori sono i custodi e sopratutto le guide dei loro figli.Nella crescita integrale della persona e del credente in Ges\u00f9 Cristo, il ruolo della famiglia \u00e8 insostituibile, nel matrimonio i genitori ricevono i doni per educare i figli alla fede in Ges\u00f9 Cristo e alla vita cristiana in comunit\u00e0.Abbiamo presente situazioni di difficolt\u00e0 di molte famiglie, le quali, spesso, pur mantenendo un qualche legame con la fede in Ges\u00f9 Cristo e la Chiesa, non riescono ad adempiere al compito di trasmettere un pensiero e uno stile di vita illuminati dalle parole e dalla vita di Ges\u00f9, hanno difficolt\u00e0 ad inserire i figli nella Comunit\u00e0 cristiana.Tanti genitori e adulti nella loro vita non danno molto spazio e tempo alla cura della propria fede cristiana: continuano a chiedere i sacramenti della fede per i figli, ma senza tanta fede neisacramenti. Chiedono ai loro piccoli di pregare e di andare alla S. Messa, ma di loro, in chiesa, neppure l\u2019ombra. Favoriscono l\u2019ora di religione ma hanno [&hellip;]<\/p>\n","protected":false},"author":1,"featured_media":0,"parent":0,"menu_order":0,"comment_status":"closed","ping_status":"closed","template":"","meta":{"_monsterinsights_skip_tracking":false,"_monsterinsights_sitenote_active":false,"_monsterinsights_sitenote_note":"","_monsterinsights_sitenote_category":0,"footnotes":""},"class_list":["post-789","page","type-page","status-publish","hentry"],"aioseo_notices":[],"_links":{"self":[{"href":"https:\/\/www.psmassuntacastellarano.it\/wp-2025\/wp-json\/wp\/v2\/pages\/789","targetHints":{"allow":["GET"]}}],"collection":[{"href":"https:\/\/www.psmassuntacastellarano.it\/wp-2025\/wp-json\/wp\/v2\/pages"}],"about":[{"href":"https:\/\/www.psmassuntacastellarano.it\/wp-2025\/wp-json\/wp\/v2\/types\/page"}],"author":[{"embeddable":true,"href":"https:\/\/www.psmassuntacastellarano.it\/wp-2025\/wp-json\/wp\/v2\/users\/1"}],"replies":[{"embeddable":true,"href":"https:\/\/www.psmassuntacastellarano.it\/wp-2025\/wp-json\/wp\/v2\/comments?post=789"}],"version-history":[{"count":5,"href":"https:\/\/www.psmassuntacastellarano.it\/wp-2025\/wp-json\/wp\/v2\/pages\/789\/revisions"}],"predecessor-version":[{"id":2544,"href":"https:\/\/www.psmassuntacastellarano.it\/wp-2025\/wp-json\/wp\/v2\/pages\/789\/revisions\/2544"}],"wp:attachment":[{"href":"https:\/\/www.psmassuntacastellarano.it\/wp-2025\/wp-json\/wp\/v2\/media?parent=789"}],"curies":[{"name":"wp","href":"https:\/\/api.w.org\/{rel}","templated":true}]}}