{"id":1945,"date":"2024-10-25T23:19:06","date_gmt":"2024-10-25T23:19:06","guid":{"rendered":"https:\/\/www.psmassuntacastellarano.it\/wp-2025\/\/?page_id=1945"},"modified":"2025-01-18T22:26:55","modified_gmt":"2025-01-18T22:26:55","slug":"grest-2","status":"publish","type":"page","link":"https:\/\/www.psmassuntacastellarano.it\/wp-2025\/giovani\/grest-2\/","title":{"rendered":"Grest"},"content":{"rendered":"<p><\/p><p><\/p><p style=\"font-size:18px\">Attivit\u00e0 estiva che ha ormai radici davvero profonde nella comunit\u00e0 di Castellarano. <\/p><p style=\"font-size:18px\">Se i campeggi coprono una fascia di et\u00e0, il grest propone settimane di svago ai bambini pi\u00f9 piccoli e mesi di preparazione e formazione per gli animatori pi\u00f9 grandi. <\/p><p style=\"font-size:18px\">Il GREST vuole costruire legami tra i bambini tramite giochi e laboratori, senza dimenticare i nostri punti forti, l\u2019impeccabile organizzazione giornaliera e l\u2019inimitabile dramma.<\/p><p style=\"font-size:18px\"><\/p><p><\/p>","protected":false},"excerpt":{"rendered":"<p>Attivit\u00e0 estiva che ha ormai radici davvero profonde nella comunit\u00e0 di Castellarano. Se i campeggi coprono una fascia di et\u00e0, il grest propone settimane di svago ai bambini pi\u00f9 piccoli e mesi di preparazione e formazione per gli animatori pi\u00f9 grandi. Il GREST vuole costruire legami tra i bambini tramite giochi e laboratori, senza dimenticare i nostri punti forti, l\u2019impeccabile organizzazione giornaliera e l\u2019inimitabile dramma.<\/p>\n","protected":false},"author":1,"featured_media":0,"parent":851,"menu_order":0,"comment_status":"closed","ping_status":"closed","template":"template-home.php","meta":{"_monsterinsights_skip_tracking":false,"_monsterinsights_sitenote_active":false,"_monsterinsights_sitenote_note":"","_monsterinsights_sitenote_category":0,"footnotes":""},"class_list":["post-1945","page","type-page","status-publish","hentry"],"aioseo_notices":[],"_links":{"self":[{"href":"https:\/\/www.psmassuntacastellarano.it\/wp-2025\/wp-json\/wp\/v2\/pages\/1945","targetHints":{"allow":["GET"]}}],"collection":[{"href":"https:\/\/www.psmassuntacastellarano.it\/wp-2025\/wp-json\/wp\/v2\/pages"}],"about":[{"href":"https:\/\/www.psmassuntacastellarano.it\/wp-2025\/wp-json\/wp\/v2\/types\/page"}],"author":[{"embeddable":true,"href":"https:\/\/www.psmassuntacastellarano.it\/wp-2025\/wp-json\/wp\/v2\/users\/1"}],"replies":[{"embeddable":true,"href":"https:\/\/www.psmassuntacastellarano.it\/wp-2025\/wp-json\/wp\/v2\/comments?post=1945"}],"version-history":[{"count":4,"href":"https:\/\/www.psmassuntacastellarano.it\/wp-2025\/wp-json\/wp\/v2\/pages\/1945\/revisions"}],"predecessor-version":[{"id":2213,"href":"https:\/\/www.psmassuntacastellarano.it\/wp-2025\/wp-json\/wp\/v2\/pages\/1945\/revisions\/2213"}],"up":[{"embeddable":true,"href":"https:\/\/www.psmassuntacastellarano.it\/wp-2025\/wp-json\/wp\/v2\/pages\/851"}],"wp:attachment":[{"href":"https:\/\/www.psmassuntacastellarano.it\/wp-2025\/wp-json\/wp\/v2\/media?parent=1945"}],"curies":[{"name":"wp","href":"https:\/\/api.w.org\/{rel}","templated":true}]}}