{"id":1435,"date":"2024-10-19T14:33:18","date_gmt":"2024-10-19T14:33:18","guid":{"rendered":"https:\/\/www.psmassuntacastellarano.it\/wp-2025\/\/?page_id=1435"},"modified":"2024-10-26T07:47:33","modified_gmt":"2024-10-26T07:47:33","slug":"don-giuseppe-reverberi","status":"publish","type":"page","link":"https:\/\/www.psmassuntacastellarano.it\/wp-2025\/up\/vite-di-fede\/don-giuseppe-reverberi\/","title":{"rendered":"Don Giuseppe Reverberi"},"content":{"rendered":"<div class=\"row\"><div class=\" col-md-7\" data-appear-animation=\"bounceInRight\"> <h4 class=\"\">Don Giuseppe Reverberi Arciprete di Castellarano \u2013 Reggio Emilia<\/h4> <hr class=\"sm\"> <p class=\"\"> Il 3 aprile 1942 \u2013 Venerd\u00ec Santo \u2013 chiudeva la lunga e santa vita a Castellarano, il Sac. Giuseppe Reverberi.<\/p>\n<p>Fare la carit\u00e0, dare senza riserva, senza calcolo, dare in ogni momento, correre alla ricerca della mano vuota del povero, e andare oltre, domandare la carit\u00e0, per amore di Dio; s\u00ec, tutto questo per tanti anni, dal primo fino all\u2019 ultimo giorno del suo sacerdozio.<\/p>\n<p>I tanti episodi della sua eroica carit\u00e0, passando di bocca in bocca, hanno ricevuto il misterioso battesimo, di amore e di venerazione che il popolo cristiano dona al ricordo delle anime sante, rivestendoli di luce sovrannaturale.<\/p>\n<p>Soltanto la santit\u00e0 fa leva sul mondo e arrivare alla santit\u00e0 per Don Giuseppe voleva dire schiacciare l\u2019amor proprio, vivere nell\u2019amor di Dio, affrontare la povert\u00e0 volontaria e la croce. Ma tutto questo nella semplicit\u00e0 di una sola espressione, spoglia di qualsiasi singolarit\u00e0, di altezze impossibili, espressione che il suo popolo poteva sempre capire: salvare l\u2019anima.<\/p>\n<p>L\u2019umilt\u00e0 \u00e8 stata, insieme alla carit\u00e0 pi\u00f9 ardente, la caratteristica di Don Giuseppe Reverberi. Essere l\u2019ultimo sacerdote della Diocesi, nascondersi sempre, ricercare tutte le occasioni per essere dimenticato, per velare i suoi atti di virt\u00f9; il suo grande studio, la sua grande preoccupazione. Cosi, riusc\u00ec a morire povero, senza nessun titolo, nella soave illusione, che nessuno pensasse a lui, mentre tanti confratelli, amici, parrocchiani vivevano nel grande alone di serenit\u00e0 che egli con la sua umilt\u00e0 diffondeva attorno e i poveri lo hanno immortalato col titolo del \u201cPrete della carit\u00e0\u201d.<\/p>\n<p>La sua tomba, uguale a quella dell\u2019ultimo dei suoi poveri, \u00e8 meta di tanti che lo vanno a ritrovare per sentirsi rasserenare nell\u2019ora dell\u2019angoscia e rifare pi\u00f9 buoni da lui che ancora parla e lavora sull\u2019anima dei suoi figli.<\/p>\n<p>Con la povert\u00e0 che sempre ha amato in vita e insieme all\u2019umilt\u00e0 alla quale si \u00e8 avvinto con dedizione eroica, aleggia attorno a quelle zolle il palpito di vita del suo grande cuore che non si \u00e8 spento.<\/p>\n<p>In una atmosfera di serenit\u00e0 e di semplice devozione, la sua memoria si fa sempre pi\u00f9 profonda nell\u2019animo del suo popolo e di tanti che dal racconto della sua vita lo imparano a conoscere. La sua personalit\u00e0, svestita delle piccole cose della vita di ogni giorno, \u00e8, nella luce della santit\u00e0, fatta presente alle anime che lo sentono come una cara intimit\u00e0 di cui non si pu\u00f2 fare a meno.. <\/p><\/div><p>&nbsp;<\/p><p><div class=\" col-md-5\" data-appear-animation=\"bounceInRight\"> <div class=\"fw-video\"><\/p><p><img loading=\"lazy\" decoding=\"async\" width=\"222\" height=\"300\" class=\"size-medium wp-image-1274 alignright\" src=\"https:\/\/www.psmassuntacastellarano.it\/wp-2025\/\/wp-content\/uploads\/2024\/10\/Don-Giuseppe-Reverberi-011-222x300.jpg\" alt=\"\" srcset=\"https:\/\/www.psmassuntacastellarano.it\/wp-2025\/wp-content\/uploads\/2024\/10\/Don-Giuseppe-Reverberi-011-222x300.jpg 222w, https:\/\/www.psmassuntacastellarano.it\/wp-2025\/wp-content\/uploads\/2024\/10\/Don-Giuseppe-Reverberi-011-300x405.jpg 300w, https:\/\/www.psmassuntacastellarano.it\/wp-2025\/wp-content\/uploads\/2024\/10\/Don-Giuseppe-Reverberi-011.jpg 309w\" sizes=\"auto, (max-width: 222px) 100vw, 222px\" \/><\/p><p> <\/div><\/div><\/div>\n<div class=\"spacer-50 \"> <\/div><p>&nbsp;<\/p><div class=\"row\"> <div class=\"col-md-6 \" data-appear-animation=\"bounceInRight\"> <h4 class=\"\">\n<h4>Il Servo di Dio Sacerdote GIUSEPPE REVERBERI<\/h4>\n<\/h4> <p class=\"\"> Il Servo di Dio Sacerdote GIUSEPPE REVERBERI, splendida e mitissima figura di sacerdote e parroco, nacque a Montecchio Emilia il 4 Giugno 1865. l seminari di Marola e Reggio E. lo ebbero tra gli alunni pi\u00f9 diligenti e pii.<\/p>\n<p>Fu consacrato sacerdote il 22 settembre 1888. Dopo breve permanenza nelle parrocchie di Cadelboscosotto, Bibbiano e Roteglia, dalla stima dei superiori fu chiamato a 29 anni a reggere l\u2019importante pieve di Castellarano. Fu zelantissimo pastore, svolgendo il suo fervido apostolato in ogni campo di attivit\u00e0 pastorale.<\/p>\n<p>Cur\u00f2 lo splendore della casa di Dio: e la chiesa parrocchiale e il Santuario di Campiano furono pi\u00f9 volte abbelliti per la sua generosit\u00e0. Predicatore efficace, fu missionario diocesano, e molte anime tornarono a Dio attratte dalla sua virt\u00f9.<\/p>\n<p>Visse in semplicit\u00e0 di vita. Fu di ben nota inesauribile carit\u00e0 e umilt\u00e0 profonda: e tutto e solo e sempre dedito alle opere di piet\u00e0 e salvezza delle anime.<\/p>\n<p>Coron\u00f2 la sua santa vita con una morte edificante il venerd\u00ec santo, 3 aprile 1942. Volle umile sepoltura: ma il ricordo delle sue virt\u00f9 si accrebbe sempre pi\u00f9, e la venerazione dei fedeli fu ed \u00e8 tale che a lui si ricorre fiduciosamente per impetrare grazie.<\/p>\n<p>Il 13 ottobre 1953 il suo corpo fu esumato e con pompa solenne, moltitudine di popolo e imponente numero di sacerdoti portato nella chiesa parrocchiale di Castellarano dove gli fu preparata splendida sepoltura, sulla quale si legge questa iscrizione \u2013 Perla del clero reg-giano, per 48 anni santo arciprete di questa pieve, lasci\u00f2 di sue splendide virt\u00f9 imperituro ricordo. Voglia Iddio che per la sua gloria venga posta sul capo del Venerando Sacerdote l\u2019aureola dei santi, ad edificante onore del clero in cura d\u2019anime, a consolazione di tutti i fedeli.\n<\/p>   <\/div>\n <div class=\"col-md-6 \" data-appear-animation=\"bounceInRight\"> <h3 class=\"\">Preghiera<\/h3> <div class=\"accordion\" id=\"accordionnew\">\n <div class=\"accordion-group panel\"><\/div> <div class=\"accordion-heading accordionize\"> <a class=\"accordion-toggle active\" data-toggle=\"collapse\" data-parent=\"#accordionnew\" href=\"#new0\"> Per ottenere grazie e la glorificazione del Servo di Dio SAC. GIUSEPPE REVERBERI <i class=\"fa fa-angle-down\"><\/i> <\/a> <\/div>\n <div id=\"new0\" class=\"accordion-body in collapse\">\n\t\t\t\t\t  <div class=\"accordion-inner\">  Riguardate, Ges\u00f9 benedetto, al vostro Servo fedele Sac. Giuseppe Reverberi, che vi circond\u00f2 di tanto amore, specialmente nel S.mo Sacramento, ed esaudite le preghiere che confidiamo si degni presentarvi per le nostre necessit\u00e0. [Pater, Ave, Gloria]<\/p>\n<p>\nVoi, Vergine Madre, della quale parlava sempre con profonda commozione e che tanto onor\u00f2 nel grazioso Santuario di Campiano, confermateci sempre nella fiducia verso di Voi ed esaudite le sue preghiere, che confidiamo vorr\u00e0 presentarVi a nostro vantaggio. [Tre Ave Maria]<\/p>\n<p>\nGlorioso S. Giuseppe, che il Servo di Dio, portando il vostro stesso nome, preg\u00f2 e onor\u00f2 in vita, interponete il vostro efficace patrocinio e ascoltate le preghiere che egli vorr\u00e0 presentarvi per impetrarci la grazia \u2026\u2026\u2026\u2026\u2026\u2026\u2026\u2026\u2026\u2026.. che umilmente domandiamo. [Pater, Ave, Gloria] <\/p>\n<p>\n\u2014\u2014\u2014\u2014\u2014\u2014\u2014\u2014\u2014\u2014\u2014\u2014\u2014\u2014\u2014\u2014\u2014\u2014\u2014\u2014\u2014\u2014\u2014\u2014<\/p>\n<p>\nChi ricevesse grazie per la intercessione del Servo di Dio Sac. Giuseppe Reverberi<\/p>\n<p>\n\u00e8 pregato di darne notizia al Parroco di Castellarano [RE]<\/p>\n<p>\n\u2014\u2014\u2014\u2014\u2014\u2014\u2014\u2014\u2014\u2014\u2014\u2014\u2014\u2014\u2014\u2014\u2014\u2014\u2014\u2014\u2014\u2014\u2014\u2014<\/p>\n<p>\n <\/div>\n\t\t\t\t\t<\/div>\n <\/div>\n<p> <\/div> <\/div><div class=\"wp-block-columns is-layout-flex wp-container-core-columns-is-layout-1 wp-block-columns-is-layout-flex\"><div class=\"wp-block-column is-layout-flow wp-block-column-is-layout-flow\" style=\"flex-basis:33.33%\"><figure class=\"wp-block-image size-full is-resized is-style-default\"><img loading=\"lazy\" decoding=\"async\" width=\"410\" height=\"566\" src=\"https:\/\/www.psmassuntacastellarano.it\/wp-2025\/\/wp-content\/uploads\/2024\/10\/Libro_Reverberi.jpg\" alt=\"\" class=\"wp-image-1453\" style=\"width:268px;height:auto\" srcset=\"https:\/\/www.psmassuntacastellarano.it\/wp-2025\/wp-content\/uploads\/2024\/10\/Libro_Reverberi.jpg 410w, https:\/\/www.psmassuntacastellarano.it\/wp-2025\/wp-content\/uploads\/2024\/10\/Libro_Reverberi-217x300.jpg 217w, https:\/\/www.psmassuntacastellarano.it\/wp-2025\/wp-content\/uploads\/2024\/10\/Libro_Reverberi-300x414.jpg 300w\" sizes=\"auto, (max-width: 410px) 100vw, 410px\" \/><\/figure><\/div>\n\n<div class=\"wp-block-column is-layout-flow wp-block-column-is-layout-flow\" style=\"flex-basis:50%\"><h4 class=\"\">\nUNA PERLA DI PRETE\n<\/h4>\n\n<p class=\"\">\n<p>E\u2019 stato pubblicato dalla Parrocchia un libro su don Giuseppe Reverberi, parroco di Castellarano dal 1894 al 1942. \u201cQuesto breve profilo di don Giuseppe Reverberi mi \u00e8 stato richiesto dall\u2019attuale Arciprete di Castellarano. La pubblicazione vuole essere semplice e popolare. Il riflettere su parole, gesti e atteggiamenti di don Giuseppe Reverberi per coordinarli ed esprimerli, ha maturato in me la convinzione di essere veramente davanti a ricchezze interiori profonde che chiamiamo santit\u00e0. Al tempo stesso, mi sono accorto che, per quanto ci si avvicini, si rimane sempre sulla porta del mistero di una persona. Un grazie a Dio per questo \u201cincontro\u201d che mi ha arricchito spiritualmente, diventa spontaneo; \u00e8 il minimo che io possa dire\u201d. [Prefazione del libro]<\/p>\n<p>\u201cCastellarano, dal 1894 al Venerd\u00ec Santo del 1942, non solo ha udito il Vangelo, ma ha visto il Vangelo\u201d.[Paolo Rabitti Vescovo]<\/p>\n<\/p><\/div><\/div><p><\/p>","protected":false},"excerpt":{"rendered":"<p>&nbsp;<\/p>\n","protected":false},"author":1,"featured_media":0,"parent":1266,"menu_order":0,"comment_status":"closed","ping_status":"closed","template":"template-home.php","meta":{"_monsterinsights_skip_tracking":false,"_monsterinsights_sitenote_active":false,"_monsterinsights_sitenote_note":"","_monsterinsights_sitenote_category":0,"footnotes":""},"class_list":["post-1435","page","type-page","status-publish","hentry"],"aioseo_notices":[],"_links":{"self":[{"href":"https:\/\/www.psmassuntacastellarano.it\/wp-2025\/wp-json\/wp\/v2\/pages\/1435","targetHints":{"allow":["GET"]}}],"collection":[{"href":"https:\/\/www.psmassuntacastellarano.it\/wp-2025\/wp-json\/wp\/v2\/pages"}],"about":[{"href":"https:\/\/www.psmassuntacastellarano.it\/wp-2025\/wp-json\/wp\/v2\/types\/page"}],"author":[{"embeddable":true,"href":"https:\/\/www.psmassuntacastellarano.it\/wp-2025\/wp-json\/wp\/v2\/users\/1"}],"replies":[{"embeddable":true,"href":"https:\/\/www.psmassuntacastellarano.it\/wp-2025\/wp-json\/wp\/v2\/comments?post=1435"}],"version-history":[{"count":17,"href":"https:\/\/www.psmassuntacastellarano.it\/wp-2025\/wp-json\/wp\/v2\/pages\/1435\/revisions"}],"predecessor-version":[{"id":1958,"href":"https:\/\/www.psmassuntacastellarano.it\/wp-2025\/wp-json\/wp\/v2\/pages\/1435\/revisions\/1958"}],"up":[{"embeddable":true,"href":"https:\/\/www.psmassuntacastellarano.it\/wp-2025\/wp-json\/wp\/v2\/pages\/1266"}],"wp:attachment":[{"href":"https:\/\/www.psmassuntacastellarano.it\/wp-2025\/wp-json\/wp\/v2\/media?parent=1435"}],"curies":[{"name":"wp","href":"https:\/\/api.w.org\/{rel}","templated":true}]}}