{"id":1427,"date":"2024-10-17T20:49:16","date_gmt":"2024-10-17T20:49:16","guid":{"rendered":"https:\/\/www.psmassuntacastellarano.it\/wp-2025\/\/?page_id=1427"},"modified":"2024-11-30T08:00:44","modified_gmt":"2024-11-30T08:00:44","slug":"cdc","status":"publish","type":"page","link":"https:\/\/www.psmassuntacastellarano.it\/wp-2025\/caritas\/cdc\/","title":{"rendered":"Casa della Carit\u00e0"},"content":{"rendered":"<p class=\"has-text-align-center\"><strong>La Casa della Carit\u00e0: un Luogo di Accoglienza e Solidariet\u00e0<\/strong><\/p><div class=\"wp-block-columns is-layout-flex wp-container-core-columns-is-layout-1 wp-block-columns-is-layout-flex\"><div class=\"wp-block-column is-layout-flow wp-block-column-is-layout-flow\"><p style=\"font-size:18px\">La Casa della Carit\u00e0 di Castellarno si presenta come una vera e propria &#8220;famiglia&#8221; per coloro che si trovano in difficolt\u00e0. Qui, ogni persona \u00e8 accolto con calore e rispetto, e insieme si costruisce un ambiente di sostegno reciproco, dove ci si prende cura gli uni degli altri, ci si confronta e si condividono momenti di svago e gioia, proprio come in una famiglia.<\/p>\n\n<p><\/p><\/div><\/div><div class=\"wp-block-columns is-layout-flex wp-container-core-columns-is-layout-2 wp-block-columns-is-layout-flex\"><div class=\"wp-block-column is-layout-flow wp-block-column-is-layout-flow\" style=\"flex-basis:33.33%\"><p class=\"has-text-align-center\" style=\"font-size:18px\">Affidata alle Comunit\u00e0 parrocchiali dell&#8217;Unit\u00e0 Pastorale Madonna di Campiano, nel territorio di Castella, la CdC rappresenta un &#8220;dono&#8221; prezioso per la nostra comunit\u00e0. Il suo obiettivo \u00e8 quello di continuare, anche attraverso forme nuove, il cammino delle Case della Carit\u00e0, mantenendo vivo lo spirito originale voluto e pensato da Don Mario Prandi.<\/p><\/div>\n\n<div class=\"wp-block-column is-layout-flow wp-block-column-is-layout-flow\" style=\"flex-basis:66.66%\"><div class=\"wp-block-image\"><figure class=\"aligncenter size-large is-resized\"><img loading=\"lazy\" decoding=\"async\" width=\"1024\" height=\"558\" src=\"https:\/\/www.psmassuntacastellarano.it\/wp-2025\/\/wp-content\/uploads\/2024\/09\/Screenshot-2024-09-21-alle-18.54.36-1024x558.png\" alt=\"\" class=\"wp-image-1086\" style=\"width:546px;height:auto\" srcset=\"https:\/\/www.psmassuntacastellarano.it\/wp-2025\/wp-content\/uploads\/2024\/09\/Screenshot-2024-09-21-alle-18.54.36-1024x558.png 1024w, https:\/\/www.psmassuntacastellarano.it\/wp-2025\/wp-content\/uploads\/2024\/09\/Screenshot-2024-09-21-alle-18.54.36-300x164.png 300w, https:\/\/www.psmassuntacastellarano.it\/wp-2025\/wp-content\/uploads\/2024\/09\/Screenshot-2024-09-21-alle-18.54.36-768x419.png 768w, https:\/\/www.psmassuntacastellarano.it\/wp-2025\/wp-content\/uploads\/2024\/09\/Screenshot-2024-09-21-alle-18.54.36-958x522.png 958w, https:\/\/www.psmassuntacastellarano.it\/wp-2025\/wp-content\/uploads\/2024\/09\/Screenshot-2024-09-21-alle-18.54.36.png 1174w\" sizes=\"auto, (max-width: 1024px) 100vw, 1024px\" \/><\/figure><\/div><\/div><\/div><p class=\"has-text-align-center\" style=\"font-size:18px\">La Casa non \u00e8 opera assistenziale ma va intesa come il naturale<br>completamento della Parrocchia, pensando la Casa come il tabernacolo<br>dove viene accolto Ges\u00f9 povero; questo tabernacolo viene a completare e<br>ad essere un tutt\u2019uno con il tabernacolo che esiste nella chiesa della Parrocchia.<\/p><div class=\"wp-block-columns is-layout-flex wp-container-core-columns-is-layout-3 wp-block-columns-is-layout-flex\"><div class=\"wp-block-column is-layout-flow wp-block-column-is-layout-flow\"><p class=\"has-text-align-center\" style=\"font-size:18px\"> La Casa della Carit\u00e0 ha al centro della sua vita Ges\u00f9 Cristo, lodato,<br>contemplato ed accolto in vari modi e diverse situazioni, ma tutto parte da Lui e a Lui ritorna. Vive una dimensione familiare: famiglia tra le famiglie, famiglia della Comunit\u00e0 parrocchiale, in ogni caso \u00e8 sempre l\u2019aspetto di famiglia allargata che prevale ed anzi rimane unico punto di riferimento sul modo sia di strutturarsi che di organizzarsi.<\/p><\/div><\/div><p class=\"has-text-align-center\" style=\"font-size:18px\">La Casa della Carit\u00e0 nasce dalla Parrocchia come espansione dell\u2019Eucaristia in essa celebrata e la Parrocchia non \u00e8 vera se l\u2019Eucaristia non continua nella carit\u00e0, come prolungamento della Mensa celebrata, che ovviamente pu\u00f2 esprimersi anche in altri modi, come l\u2019oratorio, il centro Caritas, il catechismo, il volontariato laico\u2026<\/p><p class=\"has-text-align-center\" style=\"font-size:18px\">La Casa della Carit\u00e0 si pone l\u2019obiettivo di essere in comunione con tutta<br>l\u2019unit\u00e0 pastorale e di creare una rete con chiunque voglia mettere a<br>disposizione il proprio carisma, il proprio tempo, le proprie capacit\u00e0\u2026<\/p><p class=\"has-text-align-center\" style=\"font-size:18px\"><\/p><p>&nbsp;<\/p><figure class=\"wp-block-gallery has-nested-images columns-default is-cropped wp-block-gallery-1 is-layout-flex wp-block-gallery-is-layout-flex\"><figure class=\"wp-block-image size-large\"><img loading=\"lazy\" decoding=\"async\" width=\"954\" height=\"775\" data-id=\"2106\" src=\"https:\/\/www.psmassuntacastellarano.it\/wp-2025\/\/wp-content\/uploads\/2024\/11\/cdc1.jpg\" alt=\"\" class=\"wp-image-2106\" srcset=\"https:\/\/www.psmassuntacastellarano.it\/wp-2025\/wp-content\/uploads\/2024\/11\/cdc1.jpg 954w, https:\/\/www.psmassuntacastellarano.it\/wp-2025\/wp-content\/uploads\/2024\/11\/cdc1-300x244.jpg 300w, https:\/\/www.psmassuntacastellarano.it\/wp-2025\/wp-content\/uploads\/2024\/11\/cdc1-768x624.jpg 768w\" sizes=\"auto, (max-width: 954px) 100vw, 954px\" \/><\/figure>\n\n<figure class=\"wp-block-image size-large\"><img loading=\"lazy\" decoding=\"async\" width=\"940\" height=\"1003\" data-id=\"2107\" src=\"https:\/\/www.psmassuntacastellarano.it\/wp-2025\/\/wp-content\/uploads\/2024\/11\/cdc2.jpg\" alt=\"\" class=\"wp-image-2107\" srcset=\"https:\/\/www.psmassuntacastellarano.it\/wp-2025\/wp-content\/uploads\/2024\/11\/cdc2.jpg 940w, https:\/\/www.psmassuntacastellarano.it\/wp-2025\/wp-content\/uploads\/2024\/11\/cdc2-281x300.jpg 281w, https:\/\/www.psmassuntacastellarano.it\/wp-2025\/wp-content\/uploads\/2024\/11\/cdc2-768x819.jpg 768w, https:\/\/www.psmassuntacastellarano.it\/wp-2025\/wp-content\/uploads\/2024\/11\/cdc2-300x320.jpg 300w\" sizes=\"auto, (max-width: 940px) 100vw, 940px\" \/><\/figure><\/figure><p>&nbsp;<\/p><p>&nbsp;<\/p><figure class=\"wp-block-gallery aligncenter has-nested-images columns-default is-cropped wp-block-gallery-2 is-layout-flex wp-block-gallery-is-layout-flex\"><figure class=\"wp-block-image size-large\"><img loading=\"lazy\" decoding=\"async\" width=\"688\" height=\"1024\" data-id=\"2119\" src=\"https:\/\/www.psmassuntacastellarano.it\/wp-2025\/\/wp-content\/uploads\/2024\/11\/cdc3-1-688x1024.jpg\" alt=\"\" class=\"wp-image-2119\" srcset=\"https:\/\/www.psmassuntacastellarano.it\/wp-2025\/wp-content\/uploads\/2024\/11\/cdc3-1-688x1024.jpg 688w, https:\/\/www.psmassuntacastellarano.it\/wp-2025\/wp-content\/uploads\/2024\/11\/cdc3-1-202x300.jpg 202w, https:\/\/www.psmassuntacastellarano.it\/wp-2025\/wp-content\/uploads\/2024\/11\/cdc3-1-300x446.jpg 300w, https:\/\/www.psmassuntacastellarano.it\/wp-2025\/wp-content\/uploads\/2024\/11\/cdc3-1.jpg 763w\" sizes=\"auto, (max-width: 688px) 100vw, 688px\" \/><\/figure><\/figure><figure class=\"wp-block-gallery aligncenter has-nested-images columns-default is-cropped wp-block-gallery-3 is-layout-flex wp-block-gallery-is-layout-flex\"><figure class=\"wp-block-image size-large\"><img loading=\"lazy\" decoding=\"async\" width=\"683\" height=\"1024\" data-id=\"2120\" src=\"https:\/\/www.psmassuntacastellarano.it\/wp-2025\/\/wp-content\/uploads\/2024\/11\/cdc4-1-683x1024.jpg\" alt=\"\" class=\"wp-image-2120\" srcset=\"https:\/\/www.psmassuntacastellarano.it\/wp-2025\/wp-content\/uploads\/2024\/11\/cdc4-1-683x1024.jpg 683w, https:\/\/www.psmassuntacastellarano.it\/wp-2025\/wp-content\/uploads\/2024\/11\/cdc4-1-200x300.jpg 200w, https:\/\/www.psmassuntacastellarano.it\/wp-2025\/wp-content\/uploads\/2024\/11\/cdc4-1-300x450.jpg 300w, https:\/\/www.psmassuntacastellarano.it\/wp-2025\/wp-content\/uploads\/2024\/11\/cdc4-1.jpg 763w\" sizes=\"auto, (max-width: 683px) 100vw, 683px\" \/><\/figure><\/figure><div class=\"wp-block-image\"><figure class=\"aligncenter size-large is-resized\"><img loading=\"lazy\" decoding=\"async\" width=\"692\" height=\"1024\" src=\"https:\/\/www.psmassuntacastellarano.it\/wp-2025\/\/wp-content\/uploads\/2024\/11\/cdc5-1-692x1024.jpg\" alt=\"\" class=\"wp-image-2121\" style=\"width:882px;height:auto\" srcset=\"https:\/\/www.psmassuntacastellarano.it\/wp-2025\/wp-content\/uploads\/2024\/11\/cdc5-1-692x1024.jpg 692w, https:\/\/www.psmassuntacastellarano.it\/wp-2025\/wp-content\/uploads\/2024\/11\/cdc5-1-203x300.jpg 203w, https:\/\/www.psmassuntacastellarano.it\/wp-2025\/wp-content\/uploads\/2024\/11\/cdc5-1-300x444.jpg 300w, https:\/\/www.psmassuntacastellarano.it\/wp-2025\/wp-content\/uploads\/2024\/11\/cdc5-1.jpg 766w\" sizes=\"auto, (max-width: 692px) 100vw, 692px\" \/><\/figure><\/div><div class=\"wp-block-image\"><figure class=\"aligncenter size-full is-resized\"><img loading=\"lazy\" decoding=\"async\" width=\"787\" height=\"889\" src=\"https:\/\/www.psmassuntacastellarano.it\/wp-2025\/\/wp-content\/uploads\/2024\/11\/cdc6-1.jpg\" alt=\"\" class=\"wp-image-2122\" style=\"width:919px;height:auto\" srcset=\"https:\/\/www.psmassuntacastellarano.it\/wp-2025\/wp-content\/uploads\/2024\/11\/cdc6-1.jpg 787w, https:\/\/www.psmassuntacastellarano.it\/wp-2025\/wp-content\/uploads\/2024\/11\/cdc6-1-266x300.jpg 266w, https:\/\/www.psmassuntacastellarano.it\/wp-2025\/wp-content\/uploads\/2024\/11\/cdc6-1-768x868.jpg 768w, https:\/\/www.psmassuntacastellarano.it\/wp-2025\/wp-content\/uploads\/2024\/11\/cdc6-1-300x339.jpg 300w\" sizes=\"auto, (max-width: 787px) 100vw, 787px\" \/><\/figure><\/div>","protected":false},"excerpt":{"rendered":"<p>La Casa della Carit\u00e0: un Luogo di Accoglienza e Solidariet\u00e0 La Casa della Carit\u00e0 di Castellarno si presenta come una vera e propria &#8220;famiglia&#8221; per coloro che si trovano in difficolt\u00e0. Qui, ogni persona \u00e8 accolto con calore e rispetto, e insieme si costruisce un ambiente di sostegno reciproco, dove ci si prende cura gli uni degli altri, ci si confronta e si condividono momenti di svago e gioia, proprio come in una famiglia. Affidata alle Comunit\u00e0 parrocchiali dell&#8217;Unit\u00e0 Pastorale Madonna di Campiano, nel territorio di Castella, la CdC rappresenta un &#8220;dono&#8221; prezioso per la nostra comunit\u00e0. Il suo obiettivo \u00e8 quello di continuare, anche attraverso forme nuove, il cammino delle Case della Carit\u00e0, mantenendo vivo lo spirito originale voluto e pensato da Don Mario Prandi. La Casa non \u00e8 opera assistenziale ma va intesa come il naturalecompletamento della Parrocchia, pensando la Casa come il tabernacolodove viene accolto Ges\u00f9 povero; questo tabernacolo viene a completare ead essere un tutt\u2019uno con il tabernacolo che esiste nella chiesa della Parrocchia. La Casa della Carit\u00e0 ha al centro della sua vita Ges\u00f9 Cristo, lodato,contemplato ed accolto in vari modi e diverse situazioni, ma tutto parte da Lui e a Lui ritorna. Vive una dimensione familiare: famiglia tra le famiglie, famiglia della Comunit\u00e0 parrocchiale, in ogni caso \u00e8 sempre l\u2019aspetto di famiglia allargata che prevale ed anzi rimane unico punto di riferimento sul modo sia di strutturarsi che di organizzarsi. La Casa della Carit\u00e0 nasce dalla Parrocchia come espansione dell\u2019Eucaristia in essa celebrata e la Parrocchia non \u00e8 vera se l\u2019Eucaristia non continua nella carit\u00e0, come prolungamento della Mensa celebrata, che ovviamente pu\u00f2 esprimersi anche in altri modi, come l\u2019oratorio, il centro Caritas, il catechismo, il volontariato laico\u2026 La Casa della Carit\u00e0 si pone l\u2019obiettivo di essere in comunione con tuttal\u2019unit\u00e0 pastorale e di creare una rete con chiunque voglia mettere adisposizione il proprio carisma, il proprio tempo, le proprie capacit\u00e0\u2026 &nbsp; &nbsp; &nbsp;<\/p>\n","protected":false},"author":1,"featured_media":1086,"parent":735,"menu_order":0,"comment_status":"closed","ping_status":"closed","template":"template-home.php","meta":{"_monsterinsights_skip_tracking":false,"_monsterinsights_sitenote_active":false,"_monsterinsights_sitenote_note":"","_monsterinsights_sitenote_category":0,"footnotes":""},"class_list":["post-1427","page","type-page","status-publish","has-post-thumbnail","hentry"],"aioseo_notices":[],"_links":{"self":[{"href":"https:\/\/www.psmassuntacastellarano.it\/wp-2025\/wp-json\/wp\/v2\/pages\/1427","targetHints":{"allow":["GET"]}}],"collection":[{"href":"https:\/\/www.psmassuntacastellarano.it\/wp-2025\/wp-json\/wp\/v2\/pages"}],"about":[{"href":"https:\/\/www.psmassuntacastellarano.it\/wp-2025\/wp-json\/wp\/v2\/types\/page"}],"author":[{"embeddable":true,"href":"https:\/\/www.psmassuntacastellarano.it\/wp-2025\/wp-json\/wp\/v2\/users\/1"}],"replies":[{"embeddable":true,"href":"https:\/\/www.psmassuntacastellarano.it\/wp-2025\/wp-json\/wp\/v2\/comments?post=1427"}],"version-history":[{"count":13,"href":"https:\/\/www.psmassuntacastellarano.it\/wp-2025\/wp-json\/wp\/v2\/pages\/1427\/revisions"}],"predecessor-version":[{"id":2129,"href":"https:\/\/www.psmassuntacastellarano.it\/wp-2025\/wp-json\/wp\/v2\/pages\/1427\/revisions\/2129"}],"up":[{"embeddable":true,"href":"https:\/\/www.psmassuntacastellarano.it\/wp-2025\/wp-json\/wp\/v2\/pages\/735"}],"wp:featuredmedia":[{"embeddable":true,"href":"https:\/\/www.psmassuntacastellarano.it\/wp-2025\/wp-json\/wp\/v2\/media\/1086"}],"wp:attachment":[{"href":"https:\/\/www.psmassuntacastellarano.it\/wp-2025\/wp-json\/wp\/v2\/media?parent=1427"}],"curies":[{"name":"wp","href":"https:\/\/api.w.org\/{rel}","templated":true}]}}