{"id":1380,"date":"2024-10-16T14:12:37","date_gmt":"2024-10-16T14:12:37","guid":{"rendered":"https:\/\/www.psmassuntacastellarano.it\/wp-2025\/\/?page_id=1380"},"modified":"2025-01-18T22:23:19","modified_gmt":"2025-01-18T22:23:19","slug":"catechismo","status":"publish","type":"page","link":"https:\/\/www.psmassuntacastellarano.it\/wp-2025\/giovani\/catechismo\/","title":{"rendered":"Catechismo"},"content":{"rendered":"<p><\/p><h2 class=\"wp-block-heading has-text-align-center\">CATECHESI<\/h2><div class=\"wp-block-columns is-layout-flex wp-container-core-columns-is-layout-1 wp-block-columns-is-layout-flex\"><div class=\"wp-block-column is-layout-flow wp-block-column-is-layout-flow\" style=\"flex-basis:66.66%\"><p style=\"font-size:18px\">Catechesi \u00e8 l\u2019insieme degli sforzi intrapresi nella Chiesa per fare discepoli, per aiutare gli uomini a credere che Ges\u00f9 \u00e8 il Figlio di Dio, affinch\u00e9, mediante la fede, essi abbiano la vita nel suo Nome, per educarli ed istruirli in questa vita e cos\u00ec costruire il Corpo di Cristo.&nbsp;<\/p><\/div><\/div><div class=\"wp-block-columns is-layout-flex wp-container-core-columns-is-layout-2 wp-block-columns-is-layout-flex\"><div class=\"wp-block-column is-layout-flow wp-block-column-is-layout-flow\" style=\"flex-basis:33.33%\"><\/div>\n\n<div class=\"wp-block-column is-layout-flow wp-block-column-is-layout-flow\" style=\"flex-basis:66.66%\"><p style=\"font-size:18px\">La catechesi \u00e8 educare alla fede in Ges\u00f9 Cristo e alla vita cristiana fanciulli, ragazzi, giovani e adulti e comprende in special modo l\u2019insegnamento della dottrina cristiana, generalmente dato in modo organico e sistematico, al fine di iniziare tutti alla pienezza della vita cristiana.\u00a0<\/p><\/div><\/div><div class=\"wp-block-columns is-layout-flex wp-container-core-columns-is-layout-4 wp-block-columns-is-layout-flex\"><div class=\"wp-block-column is-layout-flow wp-block-column-is-layout-flow\" style=\"flex-basis:100%\"><div class=\"wp-block-columns is-layout-flex wp-container-core-columns-is-layout-3 wp-block-columns-is-layout-flex\"><div class=\"wp-block-column is-layout-flow wp-block-column-is-layout-flow\" style=\"flex-basis:66.66%\"><p style=\"font-size:18px\">La catechesi si articola in un certo numero di percorsi all\u2019interno della missione della Chiesa: primo annuncio del Vangelo, allo scopo di suscitare la fede; ricerca delle ragioni per credere; esperienza di vita cristiana; celebrazione dei sacramenti; integrazione nella comunit\u00e0 ecclesiale; testimonianza apostolica e missionaria.\u00a0<\/p><\/div>\n\n<div class=\"wp-block-column is-layout-flow wp-block-column-is-layout-flow\" style=\"flex-basis:33.33%\"><\/div><\/div><\/div><\/div>","protected":false},"excerpt":{"rendered":"<p>CATECHESI Catechesi \u00e8 l\u2019insieme degli sforzi intrapresi nella Chiesa per fare discepoli, per aiutare gli uomini a credere che Ges\u00f9 \u00e8 il Figlio di Dio, affinch\u00e9, mediante la fede, essi abbiano la vita nel suo Nome, per educarli ed istruirli in questa vita e cos\u00ec costruire il Corpo di Cristo.&nbsp; La catechesi \u00e8 educare alla fede in Ges\u00f9 Cristo e alla vita cristiana fanciulli, ragazzi, giovani e adulti e comprende in special modo l\u2019insegnamento della dottrina cristiana, generalmente dato in modo organico e sistematico, al fine di iniziare tutti alla pienezza della vita cristiana.\u00a0 La catechesi si articola in un certo numero di percorsi all\u2019interno della missione della Chiesa: primo annuncio del Vangelo, allo scopo di suscitare la fede; ricerca delle ragioni per credere; esperienza di vita cristiana; celebrazione dei sacramenti; integrazione nella comunit\u00e0 ecclesiale; testimonianza apostolica e missionaria.\u00a0<\/p>\n","protected":false},"author":1,"featured_media":0,"parent":851,"menu_order":0,"comment_status":"closed","ping_status":"closed","template":"template-home.php","meta":{"_monsterinsights_skip_tracking":false,"_monsterinsights_sitenote_active":false,"_monsterinsights_sitenote_note":"","_monsterinsights_sitenote_category":0,"footnotes":""},"class_list":["post-1380","page","type-page","status-publish","hentry"],"aioseo_notices":[],"_links":{"self":[{"href":"https:\/\/www.psmassuntacastellarano.it\/wp-2025\/wp-json\/wp\/v2\/pages\/1380","targetHints":{"allow":["GET"]}}],"collection":[{"href":"https:\/\/www.psmassuntacastellarano.it\/wp-2025\/wp-json\/wp\/v2\/pages"}],"about":[{"href":"https:\/\/www.psmassuntacastellarano.it\/wp-2025\/wp-json\/wp\/v2\/types\/page"}],"author":[{"embeddable":true,"href":"https:\/\/www.psmassuntacastellarano.it\/wp-2025\/wp-json\/wp\/v2\/users\/1"}],"replies":[{"embeddable":true,"href":"https:\/\/www.psmassuntacastellarano.it\/wp-2025\/wp-json\/wp\/v2\/comments?post=1380"}],"version-history":[{"count":7,"href":"https:\/\/www.psmassuntacastellarano.it\/wp-2025\/wp-json\/wp\/v2\/pages\/1380\/revisions"}],"predecessor-version":[{"id":2210,"href":"https:\/\/www.psmassuntacastellarano.it\/wp-2025\/wp-json\/wp\/v2\/pages\/1380\/revisions\/2210"}],"up":[{"embeddable":true,"href":"https:\/\/www.psmassuntacastellarano.it\/wp-2025\/wp-json\/wp\/v2\/pages\/851"}],"wp:attachment":[{"href":"https:\/\/www.psmassuntacastellarano.it\/wp-2025\/wp-json\/wp\/v2\/media?parent=1380"}],"curies":[{"name":"wp","href":"https:\/\/api.w.org\/{rel}","templated":true}]}}