{"id":1175,"date":"2024-09-28T05:20:50","date_gmt":"2024-09-28T05:20:50","guid":{"rendered":"https:\/\/www.psmassuntacastellarano.it\/wp-2025\/\/?page_id=1175"},"modified":"2024-10-25T22:59:16","modified_gmt":"2024-10-25T22:59:16","slug":"campeggi-2","status":"publish","type":"page","link":"https:\/\/www.psmassuntacastellarano.it\/wp-2025\/giovani\/campeggi-2\/","title":{"rendered":"Campeggi"},"content":{"rendered":"<div class=\"row\"><br><\/p><div class=\" col-md-7\" data-appear-animation=\"bounceInRight\">\n<h2 class=\"\">Campeggi<\/h2>\n<hr class=\"sm\">\n<p class=\"\"><span style=\"font-weight: 500;\">Se il post cresima copre la parte \u201cscolastica\u201d dell\u2019anno, durante l\u2019estate i campeggi completano il ciclo proponendo una settimana di condivisione ed esperienze. I campeggi hanno come obiettivo l\u2019approfondire le conoscenze all\u2019interno nel gruppo, cosa difficile da fare durante l\u2019anno per il poco tempo a disposizione. Tra il lavare i piatti, le camminate e i giochi, i ragazzi hanno la possibilit\u00e0 di creare legami profondi anche tramite le difficolt\u00e0. Non si \u00e8 mai visto un campeggio senza i ragazzi e gli educatori che piangessero per la fine di una stupenda avventura:<\/span><\/p><\/div><p><div class=\" col-md-5\" data-appear-animation=\"bounceInRight\"><br><div class=\"fw-video\"><\/p><p><\/p><figure class=\"wp-block-video\"><\/figure><p> <\/div><\/div><\/div><br><div class=\"spacer-50 \"> <\/div><br><\/p><div class=\"row\">\n<div class=\"col-md-6 \" data-appear-animation=\"bounceInRight\">\n<h3 class=\"\">Campeggi Estivi 2024<\/h3>\n<p class=\"\">\nCAMPI ESTIVI 2024 \u2013 GIOVANI\nCasa per ferie \u201cV. Diomira\u201d Fanano (MO)\n1\u00b0 TURNO DAL 08\/07 al 14\/07\/2024 \u2013 5\u00b0 elementare e 1\u00b0 media\nCOSTO COMPLESSIVO \u20ac 270,00\ncomprensivi di trasporto\ncon pullman, vitto e alloggio<\/p>\n<p>Per procedere con l\u2019iscrizione al primo turno clicca qui<\/p>\n<p>2\u00b0 TURNO DAL 14\/07 al 21\/07\/2024 \u2013 2\u00b0 media e 3\u00b0 media\nCOSTO COMPLESSIVO \u20ac 310,00\ncomprensivi di trasporto\ncon pullman, vitto e alloggio<\/p>\n<p>Per procedere con l\u2019iscrizione al secondo turno clicca qui<\/p>\n<p>ISTRUZIONI\n1. Effettuare l\u2019 iscrizione on line scegliendo il turno e inserendo i dati richiesti.<\/p>\n<p>2. Attendere la mail di avvenuta iscrizione<\/p>\n<p>3. Per confermare l\u2019 iscrizione on line \u00e8 necessario procedere con il versamento della caparra di \u20ac 50,00 tramite bonifico bancario iban:<\/p>\n<p>IT27 H 05387 66261 000003116616 c\/c<\/p>\n<p>intestato a Parrocchia S. Maria Assunta \u2013 BPER filiale di Castellarano.<\/p>\n<p>Nella causale specificare:\ncampo + cognome e nome iscritto\/a + turno*\n*1\u00b0 Fanano (5\u00b0 elem + 1\u00b0 media)\n*2\u00b0 Fanano (2\u00b0 + 3\u00b0 media)<\/p>\n<p>MODULISTICA\nsolo dopo avere inserito l\u2019 iscrizione on line ed avere ricevuto la conferma scaricare il modulo di autorizzazione che andr\u00e0 compilato e firmato da entrambi i genitori e consegnato in segreteria IN ORIGINALE (NO VIA MAIL)\nVerranno richieste inoltre:\n\u2022 fotocopia della tessera sanitaria\n\u2022 Fotocopia certificato vaccinale (scaricabile\ndal fascicolo sanitario) degli iscritti.<\/p>\n<\/p>\n<div id=\"googleMap\"><\/div><div class=\"spacer-20\"><\/div><\/p>\n<\/div>\n<div class=\"col-md-6 \" data-appear-animation=\"bounceInRight\">\n<h3 class=\"\">Domande Frequenti<\/h3>\n<div class=\"accordion\" id=\"accordionnew\">\n<div class=\"accordion-group panel\">\n<div class=\"accordion-heading accordionize\"> <a class=\"accordion-toggle active\" data-toggle=\"collapse\" data-parent=\"#accordionnew\" href=\"#new0\"> A chi mi posso rivolgere per informazioni? <i class=\"fa fa-angle-down\"><\/i> <\/a> <\/div>\n<div id=\"new0\" class=\"accordion-body in collapse\">\n\t\t\t\t\t  <div class=\"accordion-inner\"> Puoi richiedere tutte le informazioni presso la segreteria parocchiale <\/div>\n\t\t\t\t\t<\/div>\n<\/div>\n<div class=\"accordion-group panel\">\n<div class=\"accordion-heading accordionize\"> <a class=\"accordion-toggle \" data-toggle=\"collapse\" data-parent=\"#accordionnew\" href=\"#new1\"> Entro quanto mi devo iscrivere <i class=\"fa fa-angle-down\"><\/i> <\/a> <\/div>\n<div id=\"new1\" class=\"accordion-body  collapse\">\n\t\t\t\t\t  <div class=\"accordion-inner\"> Le iscrizioni devono essere fatte entro fine giugno <\/div>\n\t\t\t\t\t<\/div>\n<\/div>\n<div class=\"accordion-group panel\">\n<div class=\"accordion-heading accordionize\"> <a class=\"accordion-toggle \" data-toggle=\"collapse\" data-parent=\"#accordionnew\" href=\"#new2\"> Informazioni sul trasporto? <i class=\"fa fa-angle-down\"><\/i> <\/a> <\/div>\n<div id=\"new2\" class=\"accordion-body  collapse\">\n\t\t\t\t\t  <div class=\"accordion-inner\"> Il trasporto sar\u00e0 effettuato con pulman. <\/div>\n\t\t\t\t\t<\/div>\n<\/div>\n<\/div>\n<\/div>\n<\/div><p><\/p>","protected":false},"excerpt":{"rendered":"","protected":false},"author":1,"featured_media":1161,"parent":851,"menu_order":0,"comment_status":"closed","ping_status":"closed","template":"template-home.php","meta":{"_monsterinsights_skip_tracking":false,"_monsterinsights_sitenote_active":false,"_monsterinsights_sitenote_note":"","_monsterinsights_sitenote_category":0,"footnotes":""},"class_list":["post-1175","page","type-page","status-publish","has-post-thumbnail","hentry"],"aioseo_notices":[],"_links":{"self":[{"href":"https:\/\/www.psmassuntacastellarano.it\/wp-2025\/wp-json\/wp\/v2\/pages\/1175","targetHints":{"allow":["GET"]}}],"collection":[{"href":"https:\/\/www.psmassuntacastellarano.it\/wp-2025\/wp-json\/wp\/v2\/pages"}],"about":[{"href":"https:\/\/www.psmassuntacastellarano.it\/wp-2025\/wp-json\/wp\/v2\/types\/page"}],"author":[{"embeddable":true,"href":"https:\/\/www.psmassuntacastellarano.it\/wp-2025\/wp-json\/wp\/v2\/users\/1"}],"replies":[{"embeddable":true,"href":"https:\/\/www.psmassuntacastellarano.it\/wp-2025\/wp-json\/wp\/v2\/comments?post=1175"}],"version-history":[{"count":13,"href":"https:\/\/www.psmassuntacastellarano.it\/wp-2025\/wp-json\/wp\/v2\/pages\/1175\/revisions"}],"predecessor-version":[{"id":1871,"href":"https:\/\/www.psmassuntacastellarano.it\/wp-2025\/wp-json\/wp\/v2\/pages\/1175\/revisions\/1871"}],"up":[{"embeddable":true,"href":"https:\/\/www.psmassuntacastellarano.it\/wp-2025\/wp-json\/wp\/v2\/pages\/851"}],"wp:featuredmedia":[{"embeddable":true,"href":"https:\/\/www.psmassuntacastellarano.it\/wp-2025\/wp-json\/wp\/v2\/media\/1161"}],"wp:attachment":[{"href":"https:\/\/www.psmassuntacastellarano.it\/wp-2025\/wp-json\/wp\/v2\/media?parent=1175"}],"curies":[{"name":"wp","href":"https:\/\/api.w.org\/{rel}","templated":true}]}}